{"id":95,"date":"2019-01-17T14:56:10","date_gmt":"2019-01-17T14:56:10","guid":{"rendered":"https:\/\/cbesfc.pt\/?page_id=95"},"modified":"2019-03-19T11:22:27","modified_gmt":"2019-03-19T11:22:27","slug":"turismo","status":"publish","type":"page","link":"https:\/\/cbesfc.pt\/en\/turismo\/","title":{"rendered":"Tourism"},"content":{"rendered":"<h4 class=\"wp-block-heading\">Visitas guiadas ao mosteiro de Santa Maria de Coz, divulgando o que de melhor temos em termos de patrim\u00f3nio hist\u00f3rico e religioso<\/h4>\n\n\n\n<p>P\u00e3o de l\u00f3<\/p>\n\n\n\n<figure class=\"wp-block-image\"><a href=\"\/en\/pao-de-lo\/\"><img loading=\"lazy\" decoding=\"async\" width=\"2229\" height=\"870\" src=\"https:\/\/cbesfc.pt\/wp-content\/uploads\/2019\/03\/caixa_PaoDeLo_Coz.jpg\" alt=\"\" class=\"wp-image-216\" srcset=\"https:\/\/cbesfc.pt\/wp-content\/uploads\/2019\/03\/caixa_PaoDeLo_Coz.jpg 2229w, https:\/\/cbesfc.pt\/wp-content\/uploads\/2019\/03\/caixa_PaoDeLo_Coz-300x117.jpg 300w, https:\/\/cbesfc.pt\/wp-content\/uploads\/2019\/03\/caixa_PaoDeLo_Coz-768x300.jpg 768w, https:\/\/cbesfc.pt\/wp-content\/uploads\/2019\/03\/caixa_PaoDeLo_Coz-1024x400.jpg 1024w\" sizes=\"auto, (max-width: 2229px) 100vw, 2229px\" \/><\/a><\/figure>\n\n\n\n<ul class=\"wp-block-gallery columns-3 is-cropped wp-block-gallery-1 is-layout-flex wp-block-gallery-is-layout-flex\"><li class=\"blocks-gallery-item\"><figure><img loading=\"lazy\" decoding=\"async\" width=\"640\" height=\"960\" src=\"https:\/\/cbesfc.pt\/wp-content\/uploads\/2019\/03\/36768141_1762522337168433_1344767639200727040_n-1.jpg\" alt=\"\" data-id=\"219\" data-link=\"https:\/\/cbesfc.pt\/turismo\/36768141_1762522337168433_1344767639200727040_n-1\/\" class=\"wp-image-219\" srcset=\"https:\/\/cbesfc.pt\/wp-content\/uploads\/2019\/03\/36768141_1762522337168433_1344767639200727040_n-1.jpg 640w, https:\/\/cbesfc.pt\/wp-content\/uploads\/2019\/03\/36768141_1762522337168433_1344767639200727040_n-1-200x300.jpg 200w\" sizes=\"auto, (max-width: 640px) 100vw, 640px\" \/><\/figure><\/li><li class=\"blocks-gallery-item\"><figure><img loading=\"lazy\" decoding=\"async\" width=\"960\" height=\"640\" src=\"https:\/\/cbesfc.pt\/wp-content\/uploads\/2019\/03\/36732108_1764929926927674_4569431086492286976_n.jpg\" alt=\"\" data-id=\"218\" data-link=\"https:\/\/cbesfc.pt\/turismo\/36732108_1764929926927674_4569431086492286976_n\/\" class=\"wp-image-218\" srcset=\"https:\/\/cbesfc.pt\/wp-content\/uploads\/2019\/03\/36732108_1764929926927674_4569431086492286976_n.jpg 960w, https:\/\/cbesfc.pt\/wp-content\/uploads\/2019\/03\/36732108_1764929926927674_4569431086492286976_n-300x200.jpg 300w, https:\/\/cbesfc.pt\/wp-content\/uploads\/2019\/03\/36732108_1764929926927674_4569431086492286976_n-768x512.jpg 768w\" sizes=\"auto, (max-width: 960px) 100vw, 960px\" \/><\/figure><\/li><li class=\"blocks-gallery-item\"><figure><img loading=\"lazy\" decoding=\"async\" width=\"603\" height=\"960\" src=\"https:\/\/cbesfc.pt\/wp-content\/uploads\/2019\/03\/foto3.jpg\" alt=\"\" data-id=\"221\" data-link=\"https:\/\/cbesfc.pt\/turismo\/foto3\/\" class=\"wp-image-221\" srcset=\"https:\/\/cbesfc.pt\/wp-content\/uploads\/2019\/03\/foto3.jpg 603w, https:\/\/cbesfc.pt\/wp-content\/uploads\/2019\/03\/foto3-188x300.jpg 188w\" sizes=\"auto, (max-width: 603px) 100vw, 603px\" \/><\/figure><\/li><li class=\"blocks-gallery-item\"><figure><img loading=\"lazy\" decoding=\"async\" width=\"640\" height=\"960\" src=\"https:\/\/cbesfc.pt\/wp-content\/uploads\/2019\/03\/foto-2.jpg\" alt=\"\" data-id=\"222\" data-link=\"https:\/\/cbesfc.pt\/turismo\/foto-2\/\" class=\"wp-image-222\" srcset=\"https:\/\/cbesfc.pt\/wp-content\/uploads\/2019\/03\/foto-2.jpg 640w, https:\/\/cbesfc.pt\/wp-content\/uploads\/2019\/03\/foto-2-200x300.jpg 200w\" sizes=\"auto, (max-width: 640px) 100vw, 640px\" \/><\/figure><\/li><li class=\"blocks-gallery-item\"><figure><img loading=\"lazy\" decoding=\"async\" width=\"870\" height=\"482\" src=\"https:\/\/cbesfc.pt\/wp-content\/uploads\/2019\/03\/6.png\" alt=\"\" data-id=\"229\" data-link=\"https:\/\/cbesfc.pt\/turismo\/attachment\/6\/\" class=\"wp-image-229\" srcset=\"https:\/\/cbesfc.pt\/wp-content\/uploads\/2019\/03\/6.png 870w, https:\/\/cbesfc.pt\/wp-content\/uploads\/2019\/03\/6-300x166.png 300w, https:\/\/cbesfc.pt\/wp-content\/uploads\/2019\/03\/6-768x425.png 768w\" sizes=\"auto, (max-width: 870px) 100vw, 870px\" \/><\/figure><\/li><\/ul>","protected":false},"excerpt":{"rendered":"<p>Visitas guiadas ao mosteiro de Santa Maria de Coz, divulgando o que de melhor temos em termos de patrim\u00f3nio hist\u00f3rico e religioso P\u00e3o de l\u00f3<\/p>","protected":false},"author":2,"featured_media":0,"parent":0,"menu_order":0,"comment_status":"closed","ping_status":"closed","template":"","meta":{"footnotes":""},"class_list":["post-95","page","type-page","status-publish","hentry"],"_links":{"self":[{"href":"https:\/\/cbesfc.pt\/en\/wp-json\/wp\/v2\/pages\/95","targetHints":{"allow":["GET"]}}],"collection":[{"href":"https:\/\/cbesfc.pt\/en\/wp-json\/wp\/v2\/pages"}],"about":[{"href":"https:\/\/cbesfc.pt\/en\/wp-json\/wp\/v2\/types\/page"}],"author":[{"embeddable":true,"href":"https:\/\/cbesfc.pt\/en\/wp-json\/wp\/v2\/users\/2"}],"replies":[{"embeddable":true,"href":"https:\/\/cbesfc.pt\/en\/wp-json\/wp\/v2\/comments?post=95"}],"version-history":[{"count":9,"href":"https:\/\/cbesfc.pt\/en\/wp-json\/wp\/v2\/pages\/95\/revisions"}],"predecessor-version":[{"id":241,"href":"https:\/\/cbesfc.pt\/en\/wp-json\/wp\/v2\/pages\/95\/revisions\/241"}],"wp:attachment":[{"href":"https:\/\/cbesfc.pt\/en\/wp-json\/wp\/v2\/media?parent=95"}],"curies":[{"name":"wp","href":"https:\/\/api.w.org\/{rel}","templated":true}]}}