{"id":89,"date":"2019-01-17T14:55:27","date_gmt":"2019-01-17T14:55:27","guid":{"rendered":"https:\/\/cbesfc.pt\/?page_id=89"},"modified":"2019-03-19T10:27:10","modified_gmt":"2019-03-19T10:27:10","slug":"artesanato","status":"publish","type":"page","link":"https:\/\/cbesfc.pt\/en\/artesanato\/","title":{"rendered":"Craftsmanship"},"content":{"rendered":"<h4 class=\"wp-block-heading\">Revitaliza\u00e7\u00e3o de uma arte centen\u00e1ria, e a forma\u00e7\u00e3o de artes\u00e3os na \u00e1rea da cestaria<\/h4>\n\n\n\n<p><a href=\"\/en\/artesanato-workshop\/\">Clique aqui para ver galeria de Workshop<\/a><\/p>\n\n\n\n<ul class=\"wp-block-gallery columns-3 is-cropped wp-block-gallery-1 is-layout-flex wp-block-gallery-is-layout-flex\"><li class=\"blocks-gallery-item\"><figure><img loading=\"lazy\" decoding=\"async\" width=\"683\" height=\"1024\" src=\"https:\/\/cbesfc.pt\/wp-content\/uploads\/2019\/03\/77-min-683x1024.jpg\" alt=\"\" data-id=\"185\" data-link=\"https:\/\/cbesfc.pt\/artesanato\/77-min\/\" class=\"wp-image-185\" srcset=\"https:\/\/cbesfc.pt\/wp-content\/uploads\/2019\/03\/77-min-683x1024.jpg 683w, https:\/\/cbesfc.pt\/wp-content\/uploads\/2019\/03\/77-min-200x300.jpg 200w, https:\/\/cbesfc.pt\/wp-content\/uploads\/2019\/03\/77-min-768x1152.jpg 768w\" sizes=\"auto, (max-width: 683px) 100vw, 683px\" \/><\/figure><\/li><li class=\"blocks-gallery-item\"><figure><img loading=\"lazy\" decoding=\"async\" width=\"960\" height=\"640\" src=\"https:\/\/cbesfc.pt\/wp-content\/uploads\/2019\/03\/1-a-min.jpg\" alt=\"\" data-id=\"189\" data-link=\"https:\/\/cbesfc.pt\/artesanato\/1-a-min\/\" class=\"wp-image-189\" srcset=\"https:\/\/cbesfc.pt\/wp-content\/uploads\/2019\/03\/1-a-min.jpg 960w, https:\/\/cbesfc.pt\/wp-content\/uploads\/2019\/03\/1-a-min-300x200.jpg 300w, https:\/\/cbesfc.pt\/wp-content\/uploads\/2019\/03\/1-a-min-768x512.jpg 768w\" sizes=\"auto, (max-width: 960px) 100vw, 960px\" \/><\/figure><\/li><li class=\"blocks-gallery-item\"><figure><img loading=\"lazy\" decoding=\"async\" width=\"1024\" height=\"683\" src=\"https:\/\/cbesfc.pt\/wp-content\/uploads\/2019\/03\/54-min-1024x683.jpg\" alt=\"\" data-id=\"181\" data-link=\"https:\/\/cbesfc.pt\/artesanato\/54-min\/\" class=\"wp-image-181\" srcset=\"https:\/\/cbesfc.pt\/wp-content\/uploads\/2019\/03\/54-min-1024x683.jpg 1024w, https:\/\/cbesfc.pt\/wp-content\/uploads\/2019\/03\/54-min-300x200.jpg 300w, https:\/\/cbesfc.pt\/wp-content\/uploads\/2019\/03\/54-min-768x512.jpg 768w\" sizes=\"auto, (max-width: 1024px) 100vw, 1024px\" \/><\/figure><\/li><li class=\"blocks-gallery-item\"><figure><img loading=\"lazy\" decoding=\"async\" width=\"683\" height=\"1024\" src=\"https:\/\/cbesfc.pt\/wp-content\/uploads\/2019\/03\/11-min-683x1024.jpg\" alt=\"\" data-id=\"173\" data-link=\"https:\/\/cbesfc.pt\/artesanato\/11-min\/\" class=\"wp-image-173\" srcset=\"https:\/\/cbesfc.pt\/wp-content\/uploads\/2019\/03\/11-min-683x1024.jpg 683w, https:\/\/cbesfc.pt\/wp-content\/uploads\/2019\/03\/11-min-200x300.jpg 200w, https:\/\/cbesfc.pt\/wp-content\/uploads\/2019\/03\/11-min-768x1152.jpg 768w\" sizes=\"auto, (max-width: 683px) 100vw, 683px\" \/><\/figure><\/li><li class=\"blocks-gallery-item\"><figure><img decoding=\"async\" src=\"https:\/\/cbesfc.pt\/wp-content\/uploads\/2019\/03\/12-min-1024x683.jpg\" alt=\"\" data-id=\"174\" data-link=\"https:\/\/cbesfc.pt\/artesanato\/12-min\/\" class=\"wp-image-174\"\/><\/figure><\/li><li class=\"blocks-gallery-item\"><figure><img loading=\"lazy\" decoding=\"async\" width=\"683\" height=\"1024\" src=\"https:\/\/cbesfc.pt\/wp-content\/uploads\/2019\/03\/20-min-683x1024.jpg\" alt=\"\" data-id=\"175\" data-link=\"https:\/\/cbesfc.pt\/artesanato\/20-min\/\" class=\"wp-image-175\" srcset=\"https:\/\/cbesfc.pt\/wp-content\/uploads\/2019\/03\/20-min-683x1024.jpg 683w, https:\/\/cbesfc.pt\/wp-content\/uploads\/2019\/03\/20-min-200x300.jpg 200w, https:\/\/cbesfc.pt\/wp-content\/uploads\/2019\/03\/20-min-768x1152.jpg 768w\" sizes=\"auto, (max-width: 683px) 100vw, 683px\" \/><\/figure><\/li><li class=\"blocks-gallery-item\"><figure><img loading=\"lazy\" decoding=\"async\" width=\"683\" height=\"1024\" src=\"https:\/\/cbesfc.pt\/wp-content\/uploads\/2019\/03\/31-min-683x1024.jpg\" alt=\"\" data-id=\"176\" data-link=\"https:\/\/cbesfc.pt\/artesanato\/31-min\/\" class=\"wp-image-176\" srcset=\"https:\/\/cbesfc.pt\/wp-content\/uploads\/2019\/03\/31-min-683x1024.jpg 683w, https:\/\/cbesfc.pt\/wp-content\/uploads\/2019\/03\/31-min-200x300.jpg 200w, https:\/\/cbesfc.pt\/wp-content\/uploads\/2019\/03\/31-min-768x1152.jpg 768w\" sizes=\"auto, (max-width: 683px) 100vw, 683px\" \/><\/figure><\/li><li class=\"blocks-gallery-item\"><figure><img loading=\"lazy\" decoding=\"async\" width=\"1024\" height=\"683\" src=\"https:\/\/cbesfc.pt\/wp-content\/uploads\/2019\/03\/33-min-1024x683.jpg\" alt=\"\" data-id=\"178\" data-link=\"https:\/\/cbesfc.pt\/artesanato\/33-min\/\" class=\"wp-image-178\" srcset=\"https:\/\/cbesfc.pt\/wp-content\/uploads\/2019\/03\/33-min-1024x683.jpg 1024w, https:\/\/cbesfc.pt\/wp-content\/uploads\/2019\/03\/33-min-300x200.jpg 300w, https:\/\/cbesfc.pt\/wp-content\/uploads\/2019\/03\/33-min-768x512.jpg 768w\" sizes=\"auto, (max-width: 1024px) 100vw, 1024px\" \/><\/figure><\/li><li class=\"blocks-gallery-item\"><figure><img loading=\"lazy\" decoding=\"async\" width=\"1024\" height=\"683\" src=\"https:\/\/cbesfc.pt\/wp-content\/uploads\/2019\/03\/44-min-1024x683.jpg\" alt=\"\" data-id=\"180\" data-link=\"https:\/\/cbesfc.pt\/artesanato\/44-min\/\" class=\"wp-image-180\" srcset=\"https:\/\/cbesfc.pt\/wp-content\/uploads\/2019\/03\/44-min-1024x683.jpg 1024w, https:\/\/cbesfc.pt\/wp-content\/uploads\/2019\/03\/44-min-300x200.jpg 300w, https:\/\/cbesfc.pt\/wp-content\/uploads\/2019\/03\/44-min-768x512.jpg 768w\" sizes=\"auto, (max-width: 1024px) 100vw, 1024px\" \/><\/figure><\/li><li class=\"blocks-gallery-item\"><figure><img loading=\"lazy\" decoding=\"async\" width=\"683\" height=\"1024\" src=\"https:\/\/cbesfc.pt\/wp-content\/uploads\/2019\/03\/64-min-683x1024.jpg\" alt=\"\" data-id=\"182\" data-link=\"https:\/\/cbesfc.pt\/artesanato\/64-min\/\" class=\"wp-image-182\" srcset=\"https:\/\/cbesfc.pt\/wp-content\/uploads\/2019\/03\/64-min-683x1024.jpg 683w, https:\/\/cbesfc.pt\/wp-content\/uploads\/2019\/03\/64-min-200x300.jpg 200w, https:\/\/cbesfc.pt\/wp-content\/uploads\/2019\/03\/64-min-768x1152.jpg 768w\" sizes=\"auto, (max-width: 683px) 100vw, 683px\" \/><\/figure><\/li><li class=\"blocks-gallery-item\"><figure><img loading=\"lazy\" decoding=\"async\" width=\"1024\" height=\"683\" src=\"https:\/\/cbesfc.pt\/wp-content\/uploads\/2019\/03\/74-min-1024x683.jpg\" alt=\"\" data-id=\"183\" data-link=\"https:\/\/cbesfc.pt\/artesanato\/74-min\/\" class=\"wp-image-183\" srcset=\"https:\/\/cbesfc.pt\/wp-content\/uploads\/2019\/03\/74-min-1024x683.jpg 1024w, https:\/\/cbesfc.pt\/wp-content\/uploads\/2019\/03\/74-min-300x200.jpg 300w, https:\/\/cbesfc.pt\/wp-content\/uploads\/2019\/03\/74-min-768x512.jpg 768w\" sizes=\"auto, (max-width: 1024px) 100vw, 1024px\" \/><\/figure><\/li><li class=\"blocks-gallery-item\"><figure><img loading=\"lazy\" decoding=\"async\" width=\"683\" height=\"1024\" src=\"https:\/\/cbesfc.pt\/wp-content\/uploads\/2019\/03\/75-min-683x1024.jpg\" alt=\"\" data-id=\"184\" data-link=\"https:\/\/cbesfc.pt\/artesanato\/75-min\/\" class=\"wp-image-184\" srcset=\"https:\/\/cbesfc.pt\/wp-content\/uploads\/2019\/03\/75-min-683x1024.jpg 683w, https:\/\/cbesfc.pt\/wp-content\/uploads\/2019\/03\/75-min-200x300.jpg 200w, https:\/\/cbesfc.pt\/wp-content\/uploads\/2019\/03\/75-min-768x1152.jpg 768w\" sizes=\"auto, (max-width: 683px) 100vw, 683px\" \/><\/figure><\/li><li class=\"blocks-gallery-item\"><figure><img loading=\"lazy\" decoding=\"async\" width=\"683\" height=\"1024\" src=\"https:\/\/cbesfc.pt\/wp-content\/uploads\/2019\/03\/79-min-683x1024.jpg\" alt=\"\" data-id=\"187\" data-link=\"https:\/\/cbesfc.pt\/artesanato\/79-min\/\" class=\"wp-image-187\" srcset=\"https:\/\/cbesfc.pt\/wp-content\/uploads\/2019\/03\/79-min-683x1024.jpg 683w, https:\/\/cbesfc.pt\/wp-content\/uploads\/2019\/03\/79-min-200x300.jpg 200w, https:\/\/cbesfc.pt\/wp-content\/uploads\/2019\/03\/79-min-768x1152.jpg 768w\" sizes=\"auto, (max-width: 683px) 100vw, 683px\" \/><\/figure><\/li><li class=\"blocks-gallery-item\"><figure><img loading=\"lazy\" decoding=\"async\" width=\"1024\" height=\"683\" src=\"https:\/\/cbesfc.pt\/wp-content\/uploads\/2019\/03\/80-min-1024x683.jpg\" alt=\"\" data-id=\"188\" data-link=\"https:\/\/cbesfc.pt\/artesanato\/80-min\/\" class=\"wp-image-188\" srcset=\"https:\/\/cbesfc.pt\/wp-content\/uploads\/2019\/03\/80-min-1024x683.jpg 1024w, https:\/\/cbesfc.pt\/wp-content\/uploads\/2019\/03\/80-min-300x200.jpg 300w, https:\/\/cbesfc.pt\/wp-content\/uploads\/2019\/03\/80-min-768x512.jpg 768w\" sizes=\"auto, (max-width: 1024px) 100vw, 1024px\" \/><\/figure><\/li><\/ul>","protected":false},"excerpt":{"rendered":"<p>Revitaliza\u00e7\u00e3o de uma arte centen\u00e1ria, e a forma\u00e7\u00e3o de artes\u00e3os na \u00e1rea da cestaria Clique aqui para ver galeria de Workshop<\/p>","protected":false},"author":2,"featured_media":0,"parent":0,"menu_order":0,"comment_status":"closed","ping_status":"closed","template":"","meta":{"footnotes":""},"class_list":["post-89","page","type-page","status-publish","hentry"],"_links":{"self":[{"href":"https:\/\/cbesfc.pt\/en\/wp-json\/wp\/v2\/pages\/89","targetHints":{"allow":["GET"]}}],"collection":[{"href":"https:\/\/cbesfc.pt\/en\/wp-json\/wp\/v2\/pages"}],"about":[{"href":"https:\/\/cbesfc.pt\/en\/wp-json\/wp\/v2\/types\/page"}],"author":[{"embeddable":true,"href":"https:\/\/cbesfc.pt\/en\/wp-json\/wp\/v2\/users\/2"}],"replies":[{"embeddable":true,"href":"https:\/\/cbesfc.pt\/en\/wp-json\/wp\/v2\/comments?post=89"}],"version-history":[{"count":4,"href":"https:\/\/cbesfc.pt\/en\/wp-json\/wp\/v2\/pages\/89\/revisions"}],"predecessor-version":[{"id":209,"href":"https:\/\/cbesfc.pt\/en\/wp-json\/wp\/v2\/pages\/89\/revisions\/209"}],"wp:attachment":[{"href":"https:\/\/cbesfc.pt\/en\/wp-json\/wp\/v2\/media?parent=89"}],"curies":[{"name":"wp","href":"https:\/\/api.w.org\/{rel}","templated":true}]}}