{"id":80,"date":"2019-01-17T14:48:32","date_gmt":"2019-01-17T14:48:32","guid":{"rendered":"https:\/\/cbesfc.pt\/?page_id=80"},"modified":"2020-12-15T14:52:36","modified_gmt":"2020-12-15T14:52:36","slug":"areas-de-intervencao","status":"publish","type":"page","link":"https:\/\/cbesfc.pt\/en\/areas-de-intervencao\/","title":{"rendered":"Intervention areas"},"content":{"rendered":"<h2 class=\"wp-block-heading\"><strong>Servi\u00e7os Prestados<\/strong><\/h2>\n\n\n\n<ul class=\"wp-block-list\"><li>Fornecimento e apoio nas refei\u00e7\u00f5es;<\/li><li>Cuidados de higiene e de conforto pessoal;<\/li><li>Tratamento da roupa do uso pessoal;<\/li><li>Higiene habitacional;<\/li><li>Atividades de anima\u00e7\u00e3o e socializa\u00e7\u00e3o, designadamente, anima\u00e7\u00e3o, lazer, cultura;<\/li><li>Transporte adequado \u00e1s necessidades do utente;<\/li><\/ul>\n\n\n\n<h3 class=\"wp-block-heading\">Outros servi\u00e7os, nomeadamente: <\/h3>\n\n\n\n<ul class=\"wp-block-list\"><li>Acompanhamento e transporte, a consultas e a exames complementares de diagn\u00f3stico;<\/li><li>Servi\u00e7os de alimenta\u00e7\u00e3o ao fim de semana;<\/li><li>Servi\u00e7os de higiene pessoal ao fim de semana;<\/li><li>Aquisi\u00e7\u00e3o de bens e \/ou servi\u00e7os;<\/li><li>Medica\u00e7\u00e3o e cuidados de sa\u00fade;<\/li><\/ul>\n\n\n\n<h2 class=\"wp-block-heading\">Respostas Sociais<\/h2>\n\n\n\n<p><strong>Servi\u00e7o de Apoio Domicili\u00e1rio<\/strong><\/p>\n\n\n\n<p>Tem como objetivo acompanhar e apoiar as pessoas idosas no seu domicilio, garantindo Bem \u2013Estar, apoio nas atividades de vida di\u00e1ria e dando resposta \u00e0s suas necessidades prim\u00e1rias.<\/p>\n\n\n\n<p><strong>Day center<\/strong><\/p>\n\n\n\n<p>O Centro de Dia, adiante designado por CD destina-se a pessoas de idade igual ou superior a 65 anos aut\u00f3nomos ou semiaut\u00f3nomos que se mant\u00eam no seu meio s\u00f3cio familiar ou a pessoas mais novas que por algum motivo n\u00e3o possam assegurar a satisfa\u00e7\u00e3o das suas necessidades b\u00e1sicas. Os utentes em Centro de Dia beneficiam de atividades ocupacionais e de desenvolvimento pessoal (l\u00fadico-recreativas, culturais, sociais, intelectuais\/formativas, espirituais e\/ou religiosas, desportivas e festivas).<\/p>\n\n\n\n<p><strong>Centro de Conv\u00edvio<\/strong><\/p>\n\n\n\n<p>O Centro de Conv\u00edvio, destina-se `popula\u00e7\u00e3o s\u00e9nior aut\u00f3noma ou semiaut\u00f3noma que se mant\u00eam no seu meio s\u00f3cio familiar e relativamente ativa na sua comunidade. Aqui se desenvolvem atividades ocupacionais e de desenvolvimento pessoal, como objetivo promover o conv\u00edvio e combater o isolamento, Inclui ainda uma&nbsp; refei\u00e7\u00e3o (lanche) e&nbsp; transporte.<\/p>","protected":false},"excerpt":{"rendered":"<p>Servi\u00e7os Prestados Fornecimento e apoio nas refei\u00e7\u00f5es; Cuidados de higiene e de conforto pessoal; Tratamento da roupa do uso pessoal; Higiene habitacional; Atividades de anima\u00e7\u00e3o e socializa\u00e7\u00e3o, designadamente, anima\u00e7\u00e3o, lazer, cultura; Transporte adequado \u00e1s necessidades do utente; Outros servi\u00e7os, nomeadamente: Acompanhamento e transporte, a consultas e a exames complementares de diagn\u00f3stico; Servi\u00e7os de alimenta\u00e7\u00e3o ao [&hellip;]<\/p>\n","protected":false},"author":2,"featured_media":0,"parent":0,"menu_order":0,"comment_status":"closed","ping_status":"closed","template":"","meta":{"footnotes":""},"class_list":["post-80","page","type-page","status-publish","hentry"],"_links":{"self":[{"href":"https:\/\/cbesfc.pt\/en\/wp-json\/wp\/v2\/pages\/80","targetHints":{"allow":["GET"]}}],"collection":[{"href":"https:\/\/cbesfc.pt\/en\/wp-json\/wp\/v2\/pages"}],"about":[{"href":"https:\/\/cbesfc.pt\/en\/wp-json\/wp\/v2\/types\/page"}],"author":[{"embeddable":true,"href":"https:\/\/cbesfc.pt\/en\/wp-json\/wp\/v2\/users\/2"}],"replies":[{"embeddable":true,"href":"https:\/\/cbesfc.pt\/en\/wp-json\/wp\/v2\/comments?post=80"}],"version-history":[{"count":4,"href":"https:\/\/cbesfc.pt\/en\/wp-json\/wp\/v2\/pages\/80\/revisions"}],"predecessor-version":[{"id":575,"href":"https:\/\/cbesfc.pt\/en\/wp-json\/wp\/v2\/pages\/80\/revisions\/575"}],"wp:attachment":[{"href":"https:\/\/cbesfc.pt\/en\/wp-json\/wp\/v2\/media?parent=80"}],"curies":[{"name":"wp","href":"https:\/\/api.w.org\/{rel}","templated":true}]}}