{"id":76,"date":"2018-03-27T14:00:08","date_gmt":"2018-03-27T14:00:08","guid":{"rendered":"https:\/\/cbesfc.pt\/?page_id=76"},"modified":"2022-05-25T15:57:03","modified_gmt":"2022-05-25T15:57:03","slug":"politica-de-qualidade","status":"publish","type":"page","link":"https:\/\/cbesfc.pt\/en\/politica-de-qualidade\/","title":{"rendered":"Pol\u00edtica de Qualidade"},"content":{"rendered":"<h3>Pol\u00edtica da Qualidade<\/h3>\n<p><strong><em>Humaniza\u00e7\u00e3o dos servi\u00e7os e orienta\u00e7\u00e3o para servir pessoas.<\/em><\/strong><\/p>\n<p><em>A politica da qualidade tem como objectivo principal promover a qualidade de vida dos clientes, tanto ao n\u00edvel das suas necessidades b\u00e1sicas, como no apoio para um envelhecimento activo, com base numa estrat\u00e9gia de personaliza\u00e7\u00e3o e projecto individual .Ser\u00e1 tamb\u00e9m assegurada a monitoriza\u00e7\u00e3o da satisfa\u00e7\u00e3o dos clientes e seus familiares.<\/em><\/p>\n<p><em>A forma\u00e7\u00e3o, envolvimento e consequente motiva\u00e7\u00e3o de todos os colaboradores, ser\u00e1 a base da politica de qualidade, j\u00e1 que o seu sucesso depende dos agentes que interv\u00eam na sua implementa\u00e7\u00e3o.<\/em><\/p>\n<p><em>Com vista ao cumprimento dos requisitos da qualidade e da legisla\u00e7\u00e3o em vigor, reorganizar a gest\u00e3o administrativa e a comunica\u00e7\u00e3o interna, <\/em><\/p>\n<p><em>A politica da qualidade ser\u00e1 constru\u00edda com o envolvimento de todos, para que se mantenha e melhore o Sistema de Gest\u00e3o de Qualidade, com base numa din\u00e2mica de empenho e de procura de excel\u00eancia.<\/em><\/p>\n\n\n<h1 class=\"wp-block-heading\"><strong>Pol\u00edtica de Privacidade<\/strong><\/h1>\n\n\n\n<p><\/p>","protected":false},"excerpt":{"rendered":"<p>Pol\u00edtica da Qualidade Humaniza\u00e7\u00e3o dos servi\u00e7os e orienta\u00e7\u00e3o para servir pessoas. A politica da qualidade tem como objectivo principal promover a qualidade de vida dos clientes, tanto ao n\u00edvel das suas necessidades b\u00e1sicas, como no apoio para um envelhecimento activo, com base numa estrat\u00e9gia de personaliza\u00e7\u00e3o e projecto individual .Ser\u00e1 tamb\u00e9m assegurada a monitoriza\u00e7\u00e3o da [&hellip;]<\/p>\n","protected":false},"author":2,"featured_media":0,"parent":0,"menu_order":0,"comment_status":"closed","ping_status":"closed","template":"","meta":{"footnotes":""},"class_list":["post-76","page","type-page","status-publish","hentry"],"_links":{"self":[{"href":"https:\/\/cbesfc.pt\/en\/wp-json\/wp\/v2\/pages\/76","targetHints":{"allow":["GET"]}}],"collection":[{"href":"https:\/\/cbesfc.pt\/en\/wp-json\/wp\/v2\/pages"}],"about":[{"href":"https:\/\/cbesfc.pt\/en\/wp-json\/wp\/v2\/types\/page"}],"author":[{"embeddable":true,"href":"https:\/\/cbesfc.pt\/en\/wp-json\/wp\/v2\/users\/2"}],"replies":[{"embeddable":true,"href":"https:\/\/cbesfc.pt\/en\/wp-json\/wp\/v2\/comments?post=76"}],"version-history":[{"count":3,"href":"https:\/\/cbesfc.pt\/en\/wp-json\/wp\/v2\/pages\/76\/revisions"}],"predecessor-version":[{"id":624,"href":"https:\/\/cbesfc.pt\/en\/wp-json\/wp\/v2\/pages\/76\/revisions\/624"}],"wp:attachment":[{"href":"https:\/\/cbesfc.pt\/en\/wp-json\/wp\/v2\/media?parent=76"}],"curies":[{"name":"wp","href":"https:\/\/api.w.org\/{rel}","templated":true}]}}