{"id":234,"date":"2019-03-19T11:18:01","date_gmt":"2019-03-19T11:18:01","guid":{"rendered":"https:\/\/cbesfc.pt\/?page_id=234"},"modified":"2019-03-19T11:55:01","modified_gmt":"2019-03-19T11:55:01","slug":"pao-de-lo","status":"publish","type":"page","link":"https:\/\/cbesfc.pt\/en\/pao-de-lo\/","title":{"rendered":"P\u00e3o de L\u00f3 de Coz"},"content":{"rendered":"<p>No \u00e2mbito do projeto COZ \u00b4ART, na sua vertente tur\u00edstica, sentimos necessidade de disponibilizar a quem nos visita algo que fosse caracter\u00edstico de Coz.<\/p>\n\n\n\n<p>Ao Mosteiro de Santa Maria de Coz, mosteiro cisterciense feminino, situado na vila de Coz em Alcoba\u00e7a, s\u00e3o atribu\u00eddas receitas divinais nascidas do labor e da dedica\u00e7\u00e3o das monjas que nele habitaram durante v\u00e1rios s\u00e9culos.<\/p>\n\n\n\n<p>Em parceria com afamada Casa do P\u00e3o de L\u00f3 de Alfeizer\u00e3o (cuja receita \u00e9 atribu\u00edda ao Mosteiro de Coz) reinventou-se um novo P\u00e3o-de-L\u00f3, que se aproximasse da antiga receita. Ap\u00f3s muitas experi\u00eancias chegou-se assim ao P\u00c3O-DE-L\u00d3 DE COZ. Esta nova iguaria conventual, foi apresentada oficialmente na 19\u00aa Mostra de Doces e Licores Conventuais, no Mosteiro de Alcoba\u00e7a, estando a partir dessa data dispon\u00edvel no Centro de Bem Estar de Coz, na antiga Adega das Monjas, agora espa\u00e7o COZ\u00b4ART e na Casa do P\u00e3o de l\u00f3 de Alfeizer\u00e3o, em Alfeizer\u00e3o (Alcoba\u00e7a).<\/p>\n\n\n\n<figure class=\"wp-block-image is-resized\"><img loading=\"lazy\" decoding=\"async\" width=\"1006\" height=\"515\" src=\"https:\/\/cbesfc.pt\/wp-content\/uploads\/2019\/03\/lan\u00e7a-mento-p\u00e3o-de-lo-Coz.jpg\" alt=\"\" class=\"wp-image-235\" srcset=\"https:\/\/cbesfc.pt\/wp-content\/uploads\/2019\/03\/lan\u00e7a-mento-p\u00e3o-de-lo-Coz.jpg 1006w, https:\/\/cbesfc.pt\/wp-content\/uploads\/2019\/03\/lan\u00e7a-mento-p\u00e3o-de-lo-Coz-300x154.jpg 300w, https:\/\/cbesfc.pt\/wp-content\/uploads\/2019\/03\/lan\u00e7a-mento-p\u00e3o-de-lo-Coz-768x393.jpg 768w\" sizes=\"auto, (max-width: 1006px) 100vw, 1006px\" \/><\/figure>\n\n\n\n<div class=\"wp-block-image\"><figure class=\"aligncenter\"><img loading=\"lazy\" decoding=\"async\" width=\"667\" height=\"1647\" src=\"https:\/\/cbesfc.pt\/wp-content\/uploads\/2019\/03\/pao-de-lo-coz.png\" alt=\"\" class=\"wp-image-251\" srcset=\"https:\/\/cbesfc.pt\/wp-content\/uploads\/2019\/03\/pao-de-lo-coz.png 667w, https:\/\/cbesfc.pt\/wp-content\/uploads\/2019\/03\/pao-de-lo-coz-121x300.png 121w, https:\/\/cbesfc.pt\/wp-content\/uploads\/2019\/03\/pao-de-lo-coz-415x1024.png 415w\" sizes=\"auto, (max-width: 667px) 100vw, 667px\" \/><\/figure><\/div>","protected":false},"excerpt":{"rendered":"<p>No \u00e2mbito do projeto COZ \u00b4ART, na sua vertente tur\u00edstica, sentimos necessidade de disponibilizar a quem nos visita algo que fosse caracter\u00edstico de Coz. Ao Mosteiro de Santa Maria de Coz, mosteiro cisterciense feminino, situado na vila de Coz em Alcoba\u00e7a, s\u00e3o atribu\u00eddas receitas divinais nascidas do labor e da dedica\u00e7\u00e3o das monjas que nele [&hellip;]<\/p>\n","protected":false},"author":2,"featured_media":237,"parent":0,"menu_order":0,"comment_status":"closed","ping_status":"closed","template":"","meta":{"footnotes":""},"class_list":["post-234","page","type-page","status-publish","has-post-thumbnail","hentry"],"_links":{"self":[{"href":"https:\/\/cbesfc.pt\/en\/wp-json\/wp\/v2\/pages\/234","targetHints":{"allow":["GET"]}}],"collection":[{"href":"https:\/\/cbesfc.pt\/en\/wp-json\/wp\/v2\/pages"}],"about":[{"href":"https:\/\/cbesfc.pt\/en\/wp-json\/wp\/v2\/types\/page"}],"author":[{"embeddable":true,"href":"https:\/\/cbesfc.pt\/en\/wp-json\/wp\/v2\/users\/2"}],"replies":[{"embeddable":true,"href":"https:\/\/cbesfc.pt\/en\/wp-json\/wp\/v2\/comments?post=234"}],"version-history":[{"count":15,"href":"https:\/\/cbesfc.pt\/en\/wp-json\/wp\/v2\/pages\/234\/revisions"}],"predecessor-version":[{"id":257,"href":"https:\/\/cbesfc.pt\/en\/wp-json\/wp\/v2\/pages\/234\/revisions\/257"}],"wp:featuredmedia":[{"embeddable":true,"href":"https:\/\/cbesfc.pt\/en\/wp-json\/wp\/v2\/media\/237"}],"wp:attachment":[{"href":"https:\/\/cbesfc.pt\/en\/wp-json\/wp\/v2\/media?parent=234"}],"curies":[{"name":"wp","href":"https:\/\/api.w.org\/{rel}","templated":true}]}}