{"id":2,"date":"2018-03-22T16:45:37","date_gmt":"2018-03-22T16:45:37","guid":{"rendered":"https:\/\/cbesfc.pt\/?page_id=2"},"modified":"2019-03-19T18:05:53","modified_gmt":"2019-03-19T18:05:53","slug":"cozarte","status":"publish","type":"page","link":"https:\/\/cbesfc.pt\/en\/cozarte\/","title":{"rendered":"Coz&#8217;Art"},"content":{"rendered":"<!-- Generated using Prezi Embedder. Get yours here: http:\/\/wordpress.org\/plugins\/prezi-embedder\/ -->\r\n<iframe loading=\"lazy\" src=\"\/\/prezi.com\/embed\/_wcdpkzel1df\/?bgcolor=ffffff&amp;lock_to_path=0&amp;autoplay=0&amp;autohide_ctrls=0&amp;html5=1\" width=\"1200\" height=\"670\" frameborder=\"0\"  webkitallowfullscreen=\"\" mozallowfullscreen=\"\" allowfullscreen=\"\"><\/iframe>\n\n\n\n<h2 class=\"wp-block-heading\"> O projeto &#8230; <\/h2>\n\n\n\n<p>O projeto COZ \u00b4ART foi lan\u00e7ado no final de 2015 pelo Centro de Bem Estar Social &nbsp;da Freguesia de Coz com o apoio da C\u00e2mara Municipal de Alcoba\u00e7a.<\/p>\n\n\n\n<p>Trata-se de um projeto de empreendedorismo social, com vista \u00e0 inclus\u00e3o social e que visa a revitaliza\u00e7\u00e3o de uma arte centen\u00e1ria da freguesia e a forma\u00e7\u00e3o de novos artes\u00e3os, na \u00e1rea da cestaria (pe\u00e7as em junco). Para al\u00e9m desta vertente, temos ainda a ruralidade e o turismo.<\/p>\n\n\n\n<p>Utilizando o espa\u00e7o de que dispomos, agora na \u00e1rea da ruralidade, adot\u00e1mos o modelo agr\u00edcola de diversifica\u00e7\u00e3o de culturas com base na sazonalidade e na promo\u00e7\u00e3o de uma agricultura biol\u00f3gica, sem recurso a produtos de s\u00edntese qu\u00edmica, dando especial aten\u00e7\u00e3o \u00e0 fertilidade do solo, como alternativa \u00e0 agricultura convencional, procurando dar aos utentes de SAD e CD; bem como \u00e0s crian\u00e7as das escolas prim\u00e1rias e pr\u00e9-prim\u00e1rias, uma alimenta\u00e7\u00e3o saud\u00e1vel e equilibrada. Esta Ruralidade procurar\u00e1 preservar o patrim\u00f3nio material e imaterial da ruralidade local, que se tem mantido at\u00e9 hoje.<\/p>\n\n\n\n<p>\n\nAo n\u00edvel do Turismo e ao assumir as visitas guiadas ao Mosteiro de Santa Maria de Coz (candidato a Monumento nacional desde 2017), a Institui\u00e7\u00e3o, atrav\u00e9s do seu projeto de empreendedorismo Social coloca-se ao servi\u00e7o da Comunidade e divulga o que de melhor temos em termos de &nbsp;patrim\u00f3nio hist\u00f3rico e religioso.\n\n<\/p>\n\n\n\n<p>O projeto est\u00e1 implementado numa fase inicial tem por isso benefici\u00e1rios diretos (3) atrav\u00e9s dos protocolos com o IEFP, CEERIA, ESDICA, Escola superior de Artes das Caldas da Rainha, Munic\u00edpio de Alcoba\u00e7a, at\u00e9 \u00e0 data criaram-se tr\u00eas postos de trabalho (volunt\u00e1rios) \u2013 um hortel\u00e3o e dois artes\u00e3os. H\u00e1 dois colaboradores afetos que ensinam a arte do Junco.<\/p>\n\n\n\n<p>Resultados de visibilidade:<\/p>\n\n\n\n<ul class=\"wp-block-list\"><li> Oficina Coz\u2019ART;<\/li><li>Workshops \/ forma\u00e7\u00e3o \u2013 \u201cTecer com Arte\u201d (criando novos artes\u00e3os); Realiza\u00e7\u00e3o de workshop acerca da Arte tradicional &#8211; Forma\u00e7\u00e3o da arte de tecer o junco a um voluntario da organiza\u00e7\u00e3o n\u00e3o-governamental \u201cFrom Kibera With Love\u201d, com o objetivo de dar continuidade a um projeto semelhante no Qu\u00e9nia;<\/li><li>Cria\u00e7\u00e3o de produtos inovadores em conjunto com a Escola superior de Artes das caldas da Rainha;<\/li><li>Abertura do Mosteiro de Santa Maria de Coz, dinamiza\u00e7\u00e3o tur\u00edstica; <\/li><li> Projeto P\u00e3o-de-l\u00f3 de Coz <\/li><\/ul>\n\n\n\n<p>Conhecendo a dimens\u00e3o das necessidades e limita\u00e7\u00f5es do concelho face \u00e1 inclus\u00e3o de pessoas nas comunidades o projeto Coz\u2019Art pretende potencializar a cria\u00e7\u00e3o de novos artes\u00e3os na institui\u00e7\u00e3o e com os parceiros (casa de p\u00e3o de l\u00f3 de Alfeizer\u00e3o, agricultores, cooperativa agr\u00edcola de Alcoba\u00e7a, IEFP..) tornando os cidad\u00e3os capacitados e integrados em atividades socialmente uteis e contributivas promovendo a sustentabilidade e o desenvolvimento comunit\u00e1rio <\/p>","protected":false},"excerpt":{"rendered":"<p>O projeto &#8230; O projeto COZ \u00b4ART foi lan\u00e7ado no final de 2015 pelo Centro de Bem Estar Social &nbsp;da Freguesia de Coz com o apoio da C\u00e2mara Municipal de Alcoba\u00e7a. Trata-se de um projeto de empreendedorismo social, com vista \u00e0 inclus\u00e3o social e que visa a revitaliza\u00e7\u00e3o de uma arte centen\u00e1ria da freguesia e [&hellip;]<\/p>\n","protected":false},"author":2,"featured_media":0,"parent":0,"menu_order":0,"comment_status":"closed","ping_status":"closed","template":"","meta":{"footnotes":""},"class_list":["post-2","page","type-page","status-publish","hentry"],"_links":{"self":[{"href":"https:\/\/cbesfc.pt\/en\/wp-json\/wp\/v2\/pages\/2","targetHints":{"allow":["GET"]}}],"collection":[{"href":"https:\/\/cbesfc.pt\/en\/wp-json\/wp\/v2\/pages"}],"about":[{"href":"https:\/\/cbesfc.pt\/en\/wp-json\/wp\/v2\/types\/page"}],"author":[{"embeddable":true,"href":"https:\/\/cbesfc.pt\/en\/wp-json\/wp\/v2\/users\/2"}],"replies":[{"embeddable":true,"href":"https:\/\/cbesfc.pt\/en\/wp-json\/wp\/v2\/comments?post=2"}],"version-history":[{"count":22,"href":"https:\/\/cbesfc.pt\/en\/wp-json\/wp\/v2\/pages\/2\/revisions"}],"predecessor-version":[{"id":317,"href":"https:\/\/cbesfc.pt\/en\/wp-json\/wp\/v2\/pages\/2\/revisions\/317"}],"wp:attachment":[{"href":"https:\/\/cbesfc.pt\/en\/wp-json\/wp\/v2\/media?parent=2"}],"curies":[{"name":"wp","href":"https:\/\/api.w.org\/{rel}","templated":true}]}}